{"id":285,"date":"2017-05-01T17:24:07","date_gmt":"2017-05-01T15:24:07","guid":{"rendered":"https:\/\/dev.argenterie-dantan.com\/?page_id=285"},"modified":"2023-09-11T10:51:57","modified_gmt":"2023-09-11T08:51:57","slug":"mariage","status":"publish","type":"page","link":"https:\/\/dev.argenterie-dantan.com\/en\/listes\/mariage\/","title":{"rendered":"Wedding"},"content":{"rendered":"<p>[et_pb_section fb_built=&#8221;1&#8243; _builder_version=&#8221;4.16&#8243; global_colors_info=&#8221;{}&#8221;][et_pb_row _builder_version=&#8221;4.16&#8243; background_size=&#8221;initial&#8221; background_position=&#8221;top_left&#8221; background_repeat=&#8221;repeat&#8221; global_colors_info=&#8221;{}&#8221;][et_pb_column type=&#8221;4_4&#8243; _builder_version=&#8221;4.16&#8243; custom_padding=&#8221;|||&#8221; global_colors_info=&#8221;{}&#8221; custom_padding__hover=&#8221;|||&#8221;][et_pb_post_title _builder_version=&#8221;4.21.2&#8243; _module_preset=&#8221;default&#8221; meta=&#8221;off&#8221; featured_image=&#8221;off&#8221; hover_enabled=&#8221;0&#8243; sticky_enabled=&#8221;0&#8243; title_font=&#8221;|||on|||||&#8221; custom_margin=&#8221;0px||0px||true|false&#8221;][\/et_pb_post_title][et_pb_code _builder_version=&#8221;4.21.2&#8243; _module_preset=&#8221;default&#8221; hover_enabled=&#8221;0&#8243; sticky_enabled=&#8221;0&#8243;]<\/p>\n<div class=\"colored-line-left\"><\/div>\n<p>[\/et_pb_code][et_pb_text _builder_version=&#8221;4.21.2&#8243; background_size=&#8221;initial&#8221; background_position=&#8221;top_left&#8221; background_repeat=&#8221;repeat&#8221; hover_enabled=&#8221;0&#8243; global_colors_info=&#8221;{}&#8221; sticky_enabled=&#8221;0&#8243;]Argenterie d\u2019Antan vous offre la possibilit\u00e9 de s\u00e9lectionner des pi\u00e8ces d\u2019argenterie afin de constituer votre liste de mariage.<\/p>\n<p>Pour \u00e9tablir votre liste, il vous suffit de vous pr\u00e9senter \u00e0 la boutique et de s\u00e9lectionner votre argenterie deux mois avant la date de votre \u00e9v\u00e9nement.<\/p>\n<p>Votre s\u00e9lection sera ensuite mise en ligne et consultable sur le Site Internet par vos invit\u00e9s sous pr\u00e9sentation d\u2019un code d\u2019acc\u00e8s pr\u00e9alablement d\u00e9fini\u00a0avec votre nom.<\/p>\n<p>Il sera donc possible \u00e0 vos invit\u00e9s de nous contacter et de r\u00e9gler un montant souhait\u00e9 sur la commande globale ou sur l\u2019une des pi\u00e8ces.<\/p>\n<p><a href=\"https:\/\/dev.argenterie-dantan.com\/wp-content\/uploads\/2017\/05\/mariage-wedding.jpg\"><img decoding=\"async\" loading=\"lazy\" class=\"aligncenter wp-image-287 size-full\" src=\"https:\/\/dev.argenterie-dantan.com\/wp-content\/uploads\/2017\/05\/mariage-wedding.jpg\" alt=\"\" width=\"800\" height=\"533\" srcset=\"https:\/\/dev.argenterie-dantan.com\/wp-content\/uploads\/2017\/05\/mariage-wedding.jpg 800w, https:\/\/dev.argenterie-dantan.com\/wp-content\/uploads\/2017\/05\/mariage-wedding-600x400.jpg 600w, https:\/\/dev.argenterie-dantan.com\/wp-content\/uploads\/2017\/05\/mariage-wedding-300x200.jpg 300w, https:\/\/dev.argenterie-dantan.com\/wp-content\/uploads\/2017\/05\/mariage-wedding-768x512.jpg 768w\" sizes=\"(max-width: 800px) 100vw, 800px\" \/><\/a><\/p>\n<p>Argenterie d&#8217;Antan vous permet de choisir des pi\u00e8ces du XVIII\u00e8me si\u00e8cle \u00e0 nos jours pour cr\u00e9er vos listes de cadeaux lors d\u2019\u00e9v\u00e8nements sp\u00e9ciaux tels que les mariages, les anniversaires, les pacs, les naissances\u2026[\/et_pb_text][\/et_pb_column][\/et_pb_row][\/et_pb_section]<\/p>\n","protected":false},"excerpt":{"rendered":"<p>Argenterie d\u2019Antan vous offre la possibilit\u00e9 de s\u00e9lectionner des pi\u00e8ces d\u2019argenterie afin de constituer votre liste de mariage. Pour \u00e9tablir votre liste, il vous suffit de vous pr\u00e9senter \u00e0 la boutique et de s\u00e9lectionner votre argenterie deux mois avant la date de votre \u00e9v\u00e9nement. Votre s\u00e9lection sera ensuite mise en ligne et consultable sur le [&hellip;]<\/p>\n","protected":false},"author":1,"featured_media":0,"parent":282,"menu_order":0,"comment_status":"closed","ping_status":"closed","template":"","meta":{"_et_pb_use_builder":"on","_et_pb_old_content":"<div class=\"colored-line-left\"><\/div>\nArgenterie d\u2019Antan vous offre la possibilit\u00e9 de s\u00e9lectionner des pi\u00e8ces d\u2019argenterie afin de constituer votre liste de mariage.\n\nPour \u00e9tablir votre liste, il vous suffit de vous pr\u00e9senter \u00e0 la boutique et de s\u00e9lectionner votre argenterie deux mois avant la date de votre \u00e9v\u00e9nement.\n\nVotre s\u00e9lection sera ensuite mise en ligne et consultable sur le Site Internet par vos invit\u00e9s sous pr\u00e9sentation d\u2019un code d\u2019acc\u00e8s pr\u00e9alablement d\u00e9fini\u00a0avec votre nom.\n\nIl sera donc possible \u00e0 vos invit\u00e9s de nous contacter et de r\u00e9gler un montant souhait\u00e9 sur la commande globale ou sur l\u2019une des pi\u00e8ces.\n\n<a href=\"https:\/\/dev.argenterie-dantan.com\/wp-content\/uploads\/2017\/05\/mariage-wedding.jpg\"><img class=\"aligncenter wp-image-287 size-full\" src=\"https:\/\/dev.argenterie-dantan.com\/wp-content\/uploads\/2017\/05\/mariage-wedding.jpg\" alt=\"\" width=\"800\" height=\"533\" \/><\/a>\n\nArgenterie d'Antan vous permet de choisir des pi\u00e8ces du XVIII\u00e8me si\u00e8cle \u00e0 nos jours pour cr\u00e9er vos listes de cadeaux lors d\u2019\u00e9v\u00e8nements sp\u00e9ciaux tels que les mariages, les anniversaires, les pacs, les naissances\u2026","_et_gb_content_width":"1080","footnotes":""},"yoast_head":"<!-- This site is optimized with the Yoast SEO plugin v21.2 - https:\/\/yoast.com\/wordpress\/plugins\/seo\/ -->\n<title>Wedding - Argenterie d&#039;Antan<\/title>\n<meta name=\"robots\" content=\"index, follow, max-snippet:-1, max-image-preview:large, max-video-preview:-1\" \/>\n<link rel=\"canonical\" href=\"https:\/\/dev.argenterie-dantan.com\/listes\/mariage\/\" \/>\n<meta property=\"og:locale\" content=\"en_US\" \/>\n<meta property=\"og:type\" content=\"article\" \/>\n<meta property=\"og:title\" content=\"Wedding - Argenterie d&#039;Antan\" \/>\n<meta property=\"og:description\" content=\"Argenterie d\u2019Antan vous offre la possibilit\u00e9 de s\u00e9lectionner des pi\u00e8ces d\u2019argenterie afin de constituer votre liste de mariage. Pour \u00e9tablir votre liste, il vous suffit de vous pr\u00e9senter \u00e0 la boutique et de s\u00e9lectionner votre argenterie deux mois avant la date de votre \u00e9v\u00e9nement. Votre s\u00e9lection sera ensuite mise en ligne et consultable sur le [&hellip;]\" \/>\n<meta property=\"og:url\" content=\"https:\/\/dev.argenterie-dantan.com\/listes\/mariage\/\" \/>\n<meta property=\"og:site_name\" content=\"Argenterie d&#039;Antan\" \/>\n<meta property=\"article:publisher\" content=\"https:\/\/fr-fr.facebook.com\/Argenterie-dAntan-204969186193734\/\" \/>\n<meta property=\"article:modified_time\" content=\"2023-09-11T08:51:57+00:00\" \/>\n<meta property=\"og:image\" content=\"https:\/\/dev.argenterie-dantan.com\/wp-content\/uploads\/2017\/05\/mariage-wedding.jpg\" \/>\n<meta name=\"twitter:card\" content=\"summary_large_image\" \/>\n<meta name=\"twitter:site\" content=\"@ArgenterieD\" \/>\n<meta name=\"twitter:label1\" content=\"Est. reading time\" \/>\n\t<meta name=\"twitter:data1\" content=\"1 minute\" \/>\n<script type=\"application\/ld+json\" class=\"yoast-schema-graph\">{\"@context\":\"https:\/\/schema.org\",\"@graph\":[{\"@type\":\"WebPage\",\"@id\":\"https:\/\/dev.argenterie-dantan.com\/listes\/mariage\/\",\"url\":\"https:\/\/dev.argenterie-dantan.com\/listes\/mariage\/\",\"name\":\"[:fr]Mariage[:en]Wedding[:es]Matrimonio[:it]Matrimonio[:ja]\u7d50\u5a5a[:] - Argenterie d&#039;Antan\",\"isPartOf\":{\"@id\":\"https:\/\/dev.argenterie-dantan.com\/#website\"},\"datePublished\":\"2017-05-01T15:24:07+00:00\",\"dateModified\":\"2023-09-11T08:51:57+00:00\",\"breadcrumb\":{\"@id\":\"https:\/\/dev.argenterie-dantan.com\/listes\/mariage\/#breadcrumb\"},\"inLanguage\":\"en-US\",\"potentialAction\":[{\"@type\":\"ReadAction\",\"target\":[\"https:\/\/dev.argenterie-dantan.com\/listes\/mariage\/\"]}]},{\"@type\":\"BreadcrumbList\",\"@id\":\"https:\/\/dev.argenterie-dantan.com\/listes\/mariage\/#breadcrumb\",\"itemListElement\":[{\"@type\":\"ListItem\",\"position\":1,\"name\":\"Accueil\",\"item\":\"https:\/\/dev.argenterie-dantan.com\/\"},{\"@type\":\"ListItem\",\"position\":2,\"name\":\"Listes\",\"item\":\"https:\/\/dev.argenterie-dantan.com\/listes\/\"},{\"@type\":\"ListItem\",\"position\":3,\"name\":\"Mariage\"}]},{\"@type\":\"WebSite\",\"@id\":\"https:\/\/dev.argenterie-dantan.com\/#website\",\"url\":\"https:\/\/dev.argenterie-dantan.com\/\",\"name\":\"Argenterie d&#039;Antan\",\"description\":\"Achat et vente d&#039;Argenterie Ancienne et ContemporaineUn site utilisant WordPress\",\"publisher\":{\"@id\":\"https:\/\/dev.argenterie-dantan.com\/#organization\"},\"potentialAction\":[{\"@type\":\"SearchAction\",\"target\":{\"@type\":\"EntryPoint\",\"urlTemplate\":\"https:\/\/dev.argenterie-dantan.com\/?s={search_term_string}\"},\"query-input\":\"required name=search_term_string\"}],\"inLanguage\":\"en-US\"},{\"@type\":\"Organization\",\"@id\":\"https:\/\/dev.argenterie-dantan.com\/#organization\",\"name\":\"Argenterie d'Antan\",\"url\":\"https:\/\/dev.argenterie-dantan.com\/\",\"logo\":{\"@type\":\"ImageObject\",\"inLanguage\":\"en-US\",\"@id\":\"https:\/\/dev.argenterie-dantan.com\/#\/schema\/logo\/image\/\",\"url\":\"https:\/\/dev.argenterie-dantan.com\/wp-content\/uploads\/2017\/04\/LOGOS-MODIFICATION.jpg\",\"contentUrl\":\"https:\/\/dev.argenterie-dantan.com\/wp-content\/uploads\/2017\/04\/LOGOS-MODIFICATION.jpg\",\"width\":476,\"height\":292,\"caption\":\"Argenterie d'Antan\"},\"image\":{\"@id\":\"https:\/\/dev.argenterie-dantan.com\/#\/schema\/logo\/image\/\"},\"sameAs\":[\"https:\/\/fr-fr.facebook.com\/Argenterie-dAntan-204969186193734\/\",\"https:\/\/twitter.com\/ArgenterieD\"]}]}<\/script>\n<!-- \/ Yoast SEO plugin. -->","yoast_head_json":{"title":"Wedding - Argenterie d&#039;Antan","robots":{"index":"index","follow":"follow","max-snippet":"max-snippet:-1","max-image-preview":"max-image-preview:large","max-video-preview":"max-video-preview:-1"},"canonical":"https:\/\/dev.argenterie-dantan.com\/listes\/mariage\/","og_locale":"en_US","og_type":"article","og_title":"Wedding - Argenterie d&#039;Antan","og_description":"Argenterie d\u2019Antan vous offre la possibilit\u00e9 de s\u00e9lectionner des pi\u00e8ces d\u2019argenterie afin de constituer votre liste de mariage. Pour \u00e9tablir votre liste, il vous suffit de vous pr\u00e9senter \u00e0 la boutique et de s\u00e9lectionner votre argenterie deux mois avant la date de votre \u00e9v\u00e9nement. Votre s\u00e9lection sera ensuite mise en ligne et consultable sur le [&hellip;]","og_url":"https:\/\/dev.argenterie-dantan.com\/listes\/mariage\/","og_site_name":"Argenterie d&#039;Antan","article_publisher":"https:\/\/fr-fr.facebook.com\/Argenterie-dAntan-204969186193734\/","article_modified_time":"2023-09-11T08:51:57+00:00","og_image":[{"url":"https:\/\/dev.argenterie-dantan.com\/wp-content\/uploads\/2017\/05\/mariage-wedding.jpg"}],"twitter_card":"summary_large_image","twitter_site":"@ArgenterieD","twitter_misc":{"Est. reading time":"1 minute"},"schema":{"@context":"https:\/\/schema.org","@graph":[{"@type":"WebPage","@id":"https:\/\/dev.argenterie-dantan.com\/listes\/mariage\/","url":"https:\/\/dev.argenterie-dantan.com\/listes\/mariage\/","name":"[:fr]Mariage[:en]Wedding[:es]Matrimonio[:it]Matrimonio[:ja]\u7d50\u5a5a[:] - Argenterie d&#039;Antan","isPartOf":{"@id":"https:\/\/dev.argenterie-dantan.com\/#website"},"datePublished":"2017-05-01T15:24:07+00:00","dateModified":"2023-09-11T08:51:57+00:00","breadcrumb":{"@id":"https:\/\/dev.argenterie-dantan.com\/listes\/mariage\/#breadcrumb"},"inLanguage":"en-US","potentialAction":[{"@type":"ReadAction","target":["https:\/\/dev.argenterie-dantan.com\/listes\/mariage\/"]}]},{"@type":"BreadcrumbList","@id":"https:\/\/dev.argenterie-dantan.com\/listes\/mariage\/#breadcrumb","itemListElement":[{"@type":"ListItem","position":1,"name":"Accueil","item":"https:\/\/dev.argenterie-dantan.com\/"},{"@type":"ListItem","position":2,"name":"Listes","item":"https:\/\/dev.argenterie-dantan.com\/listes\/"},{"@type":"ListItem","position":3,"name":"Mariage"}]},{"@type":"WebSite","@id":"https:\/\/dev.argenterie-dantan.com\/#website","url":"https:\/\/dev.argenterie-dantan.com\/","name":"Argenterie d&#039;Antan","description":"Achat et vente d&#039;Argenterie Ancienne et ContemporaineUn site utilisant WordPress","publisher":{"@id":"https:\/\/dev.argenterie-dantan.com\/#organization"},"potentialAction":[{"@type":"SearchAction","target":{"@type":"EntryPoint","urlTemplate":"https:\/\/dev.argenterie-dantan.com\/?s={search_term_string}"},"query-input":"required name=search_term_string"}],"inLanguage":"en-US"},{"@type":"Organization","@id":"https:\/\/dev.argenterie-dantan.com\/#organization","name":"Argenterie d'Antan","url":"https:\/\/dev.argenterie-dantan.com\/","logo":{"@type":"ImageObject","inLanguage":"en-US","@id":"https:\/\/dev.argenterie-dantan.com\/#\/schema\/logo\/image\/","url":"https:\/\/dev.argenterie-dantan.com\/wp-content\/uploads\/2017\/04\/LOGOS-MODIFICATION.jpg","contentUrl":"https:\/\/dev.argenterie-dantan.com\/wp-content\/uploads\/2017\/04\/LOGOS-MODIFICATION.jpg","width":476,"height":292,"caption":"Argenterie d'Antan"},"image":{"@id":"https:\/\/dev.argenterie-dantan.com\/#\/schema\/logo\/image\/"},"sameAs":["https:\/\/fr-fr.facebook.com\/Argenterie-dAntan-204969186193734\/","https:\/\/twitter.com\/ArgenterieD"]}]}},"_links":{"self":[{"href":"https:\/\/dev.argenterie-dantan.com\/en\/wp-json\/wp\/v2\/pages\/285"}],"collection":[{"href":"https:\/\/dev.argenterie-dantan.com\/en\/wp-json\/wp\/v2\/pages"}],"about":[{"href":"https:\/\/dev.argenterie-dantan.com\/en\/wp-json\/wp\/v2\/types\/page"}],"author":[{"embeddable":true,"href":"https:\/\/dev.argenterie-dantan.com\/en\/wp-json\/wp\/v2\/users\/1"}],"replies":[{"embeddable":true,"href":"https:\/\/dev.argenterie-dantan.com\/en\/wp-json\/wp\/v2\/comments?post=285"}],"version-history":[{"count":10,"href":"https:\/\/dev.argenterie-dantan.com\/en\/wp-json\/wp\/v2\/pages\/285\/revisions"}],"predecessor-version":[{"id":4626,"href":"https:\/\/dev.argenterie-dantan.com\/en\/wp-json\/wp\/v2\/pages\/285\/revisions\/4626"}],"up":[{"embeddable":true,"href":"https:\/\/dev.argenterie-dantan.com\/en\/wp-json\/wp\/v2\/pages\/282"}],"wp:attachment":[{"href":"https:\/\/dev.argenterie-dantan.com\/en\/wp-json\/wp\/v2\/media?parent=285"}],"curies":[{"name":"wp","href":"https:\/\/api.w.org\/{rel}","templated":true}]}}