{"id":282,"date":"2017-05-01T17:23:30","date_gmt":"2017-05-01T15:23:30","guid":{"rendered":"https:\/\/dev.argenterie-dantan.com\/?page_id=282"},"modified":"2017-05-02T06:53:17","modified_gmt":"2017-05-02T04:53:17","slug":"listes","status":"publish","type":"page","link":"https:\/\/dev.argenterie-dantan.com\/es\/listes\/","title":{"rendered":"Listas"},"content":{"rendered":"<p>L&#8217;Argenterie d&#8217;Antan ofrece la posibilidad de seleccionar piezas antiguas del siglo XVIII hasta nuestros d\u00edas. Puede crear su Lista de regalos para eventos especiales como bodas, aniversarios, asociaciones civiles, nacimientos &#8230; Para crear su lista de regalos, pres\u00e9ntese en la tienda y seleccione los cubiertos dos meses antes de la fecha de su evento Su lista estar\u00e1 en l\u00ednea y disponible en el sitio web bajo el t\u00edtulo \u00ablista de regalos de sus invitados con la presentaci\u00f3n de una contrase\u00f1a predefinida y el nombre de la pareja que se casa. por lo tanto ser\u00e1 posible contactarnos para pagar la cantidad deseada del total de la &#8230; O pagar solo una pieza de su &#8230; En esta ocasi\u00f3n, l&#8217;Argenterie d&#8217;Antan le har\u00e1 un descuento del 10% sobre el importe total de su lista de regalos<\/p>\n<p><a href=\"https:\/\/dev.argenterie-dantan.com\/wp-content\/uploads\/2017\/05\/liste.jpg\"><img decoding=\"async\" loading=\"lazy\" class=\"aligncenter wp-image-405 size-full\" src=\"https:\/\/dev.argenterie-dantan.com\/wp-content\/uploads\/2017\/05\/liste.jpg\" alt=\"\" width=\"840\" height=\"560\" srcset=\"https:\/\/dev.argenterie-dantan.com\/wp-content\/uploads\/2017\/05\/liste.jpg 840w, https:\/\/dev.argenterie-dantan.com\/wp-content\/uploads\/2017\/05\/liste-600x400.jpg 600w, https:\/\/dev.argenterie-dantan.com\/wp-content\/uploads\/2017\/05\/liste-300x200.jpg 300w, https:\/\/dev.argenterie-dantan.com\/wp-content\/uploads\/2017\/05\/liste-768x512.jpg 768w\" sizes=\"(max-width: 840px) 100vw, 840px\" \/><\/a><\/p>","protected":false},"excerpt":{"rendered":"<p>L&#8217;Argenterie d&#8217;Antan ofrece la posibilidad de seleccionar piezas antiguas del siglo XVIII hasta nuestros d\u00edas. Puede crear su Lista de regalos para eventos especiales como bodas, aniversarios, asociaciones civiles, nacimientos &#8230; Para crear su lista de regalos, pres\u00e9ntese en la tienda y seleccione los cubiertos dos meses antes de la fecha de su evento Su [&hellip;]<\/p>\n","protected":false},"author":1,"featured_media":405,"parent":0,"menu_order":0,"comment_status":"closed","ping_status":"closed","template":"","meta":{"_et_pb_use_builder":"","_et_pb_old_content":"","_et_gb_content_width":"","footnotes":""},"yoast_head":"<!-- This site is optimized with the Yoast SEO plugin v21.2 - https:\/\/yoast.com\/wordpress\/plugins\/seo\/ -->\n<title>Listas - Argenterie d&#039;Antan<\/title>\n<meta name=\"robots\" content=\"index, follow, max-snippet:-1, max-image-preview:large, max-video-preview:-1\" \/>\n<link rel=\"canonical\" href=\"https:\/\/dev.argenterie-dantan.com\/listes\/\" \/>\n<meta property=\"og:locale\" content=\"es_ES\" \/>\n<meta property=\"og:type\" content=\"article\" \/>\n<meta property=\"og:title\" content=\"Listas - Argenterie d&#039;Antan\" \/>\n<meta property=\"og:description\" content=\"L&#8217;Argenterie d&#8217;Antan ofrece la posibilidad de seleccionar piezas antiguas del siglo XVIII hasta nuestros d\u00edas. Puede crear su Lista de regalos para eventos especiales como bodas, aniversarios, asociaciones civiles, nacimientos &#8230; Para crear su lista de regalos, pres\u00e9ntese en la tienda y seleccione los cubiertos dos meses antes de la fecha de su evento Su [&hellip;]\" \/>\n<meta property=\"og:url\" content=\"https:\/\/dev.argenterie-dantan.com\/listes\/\" \/>\n<meta property=\"og:site_name\" content=\"Argenterie d&#039;Antan\" \/>\n<meta property=\"article:publisher\" content=\"https:\/\/fr-fr.facebook.com\/Argenterie-dAntan-204969186193734\/\" \/>\n<meta property=\"article:modified_time\" content=\"2017-05-02T04:53:17+00:00\" \/>\n<meta property=\"og:image\" content=\"https:\/\/dev.argenterie-dantan.com\/wp-content\/uploads\/2017\/05\/liste.jpg\" \/>\n\t<meta property=\"og:image:width\" content=\"840\" \/>\n\t<meta property=\"og:image:height\" content=\"560\" \/>\n\t<meta property=\"og:image:type\" content=\"image\/jpeg\" \/>\n<meta name=\"twitter:card\" content=\"summary_large_image\" \/>\n<meta name=\"twitter:site\" content=\"@ArgenterieD\" \/>\n<meta name=\"twitter:label1\" content=\"Tiempo de lectura\" \/>\n\t<meta name=\"twitter:data1\" content=\"3 minutos\" \/>\n<script type=\"application\/ld+json\" class=\"yoast-schema-graph\">{\"@context\":\"https:\/\/schema.org\",\"@graph\":[{\"@type\":\"WebPage\",\"@id\":\"https:\/\/dev.argenterie-dantan.com\/listes\/\",\"url\":\"https:\/\/dev.argenterie-dantan.com\/listes\/\",\"name\":\"[:fr]Listes[:en]Wish list[:es]Listas[:it]Liste[:ja]\u30ea\u30b9\u30c8[:] - Argenterie d&#039;Antan\",\"isPartOf\":{\"@id\":\"https:\/\/dev.argenterie-dantan.com\/#website\"},\"datePublished\":\"2017-05-01T15:23:30+00:00\",\"dateModified\":\"2017-05-02T04:53:17+00:00\",\"breadcrumb\":{\"@id\":\"https:\/\/dev.argenterie-dantan.com\/listes\/#breadcrumb\"},\"inLanguage\":\"es\",\"potentialAction\":[{\"@type\":\"ReadAction\",\"target\":[\"https:\/\/dev.argenterie-dantan.com\/listes\/\"]}]},{\"@type\":\"BreadcrumbList\",\"@id\":\"https:\/\/dev.argenterie-dantan.com\/listes\/#breadcrumb\",\"itemListElement\":[{\"@type\":\"ListItem\",\"position\":1,\"name\":\"Accueil\",\"item\":\"https:\/\/dev.argenterie-dantan.com\/\"},{\"@type\":\"ListItem\",\"position\":2,\"name\":\"Listes\"}]},{\"@type\":\"WebSite\",\"@id\":\"https:\/\/dev.argenterie-dantan.com\/#website\",\"url\":\"https:\/\/dev.argenterie-dantan.com\/\",\"name\":\"Argenterie d&#039;Antan\",\"description\":\"Achat et vente d&#039;Argenterie Ancienne et ContemporaineUn site utilisant WordPress\",\"publisher\":{\"@id\":\"https:\/\/dev.argenterie-dantan.com\/#organization\"},\"potentialAction\":[{\"@type\":\"SearchAction\",\"target\":{\"@type\":\"EntryPoint\",\"urlTemplate\":\"https:\/\/dev.argenterie-dantan.com\/?s={search_term_string}\"},\"query-input\":\"required name=search_term_string\"}],\"inLanguage\":\"es\"},{\"@type\":\"Organization\",\"@id\":\"https:\/\/dev.argenterie-dantan.com\/#organization\",\"name\":\"Argenterie d'Antan\",\"url\":\"https:\/\/dev.argenterie-dantan.com\/\",\"logo\":{\"@type\":\"ImageObject\",\"inLanguage\":\"es\",\"@id\":\"https:\/\/dev.argenterie-dantan.com\/#\/schema\/logo\/image\/\",\"url\":\"https:\/\/dev.argenterie-dantan.com\/wp-content\/uploads\/2017\/04\/LOGOS-MODIFICATION.jpg\",\"contentUrl\":\"https:\/\/dev.argenterie-dantan.com\/wp-content\/uploads\/2017\/04\/LOGOS-MODIFICATION.jpg\",\"width\":476,\"height\":292,\"caption\":\"Argenterie d'Antan\"},\"image\":{\"@id\":\"https:\/\/dev.argenterie-dantan.com\/#\/schema\/logo\/image\/\"},\"sameAs\":[\"https:\/\/fr-fr.facebook.com\/Argenterie-dAntan-204969186193734\/\",\"https:\/\/twitter.com\/ArgenterieD\"]}]}<\/script>\n<!-- \/ Yoast SEO plugin. -->","yoast_head_json":{"title":"Listas - Argenterie d&#039;Antan","robots":{"index":"index","follow":"follow","max-snippet":"max-snippet:-1","max-image-preview":"max-image-preview:large","max-video-preview":"max-video-preview:-1"},"canonical":"https:\/\/dev.argenterie-dantan.com\/listes\/","og_locale":"es_ES","og_type":"article","og_title":"Listas - Argenterie d&#039;Antan","og_description":"L&#8217;Argenterie d&#8217;Antan ofrece la posibilidad de seleccionar piezas antiguas del siglo XVIII hasta nuestros d\u00edas. Puede crear su Lista de regalos para eventos especiales como bodas, aniversarios, asociaciones civiles, nacimientos &#8230; Para crear su lista de regalos, pres\u00e9ntese en la tienda y seleccione los cubiertos dos meses antes de la fecha de su evento Su [&hellip;]","og_url":"https:\/\/dev.argenterie-dantan.com\/listes\/","og_site_name":"Argenterie d&#039;Antan","article_publisher":"https:\/\/fr-fr.facebook.com\/Argenterie-dAntan-204969186193734\/","article_modified_time":"2017-05-02T04:53:17+00:00","og_image":[{"width":840,"height":560,"url":"https:\/\/dev.argenterie-dantan.com\/wp-content\/uploads\/2017\/05\/liste.jpg","type":"image\/jpeg"}],"twitter_card":"summary_large_image","twitter_site":"@ArgenterieD","twitter_misc":{"Tiempo de lectura":"3 minutos"},"schema":{"@context":"https:\/\/schema.org","@graph":[{"@type":"WebPage","@id":"https:\/\/dev.argenterie-dantan.com\/listes\/","url":"https:\/\/dev.argenterie-dantan.com\/listes\/","name":"[:fr]Listes[:en]Wish list[:es]Listas[:it]Liste[:ja]\u30ea\u30b9\u30c8[:] - Argenterie d&#039;Antan","isPartOf":{"@id":"https:\/\/dev.argenterie-dantan.com\/#website"},"datePublished":"2017-05-01T15:23:30+00:00","dateModified":"2017-05-02T04:53:17+00:00","breadcrumb":{"@id":"https:\/\/dev.argenterie-dantan.com\/listes\/#breadcrumb"},"inLanguage":"es","potentialAction":[{"@type":"ReadAction","target":["https:\/\/dev.argenterie-dantan.com\/listes\/"]}]},{"@type":"BreadcrumbList","@id":"https:\/\/dev.argenterie-dantan.com\/listes\/#breadcrumb","itemListElement":[{"@type":"ListItem","position":1,"name":"Accueil","item":"https:\/\/dev.argenterie-dantan.com\/"},{"@type":"ListItem","position":2,"name":"Listes"}]},{"@type":"WebSite","@id":"https:\/\/dev.argenterie-dantan.com\/#website","url":"https:\/\/dev.argenterie-dantan.com\/","name":"Argenterie d&#039;Antan","description":"Achat et vente d&#039;Argenterie Ancienne et ContemporaineUn site utilisant WordPress","publisher":{"@id":"https:\/\/dev.argenterie-dantan.com\/#organization"},"potentialAction":[{"@type":"SearchAction","target":{"@type":"EntryPoint","urlTemplate":"https:\/\/dev.argenterie-dantan.com\/?s={search_term_string}"},"query-input":"required name=search_term_string"}],"inLanguage":"es"},{"@type":"Organization","@id":"https:\/\/dev.argenterie-dantan.com\/#organization","name":"Argenterie d'Antan","url":"https:\/\/dev.argenterie-dantan.com\/","logo":{"@type":"ImageObject","inLanguage":"es","@id":"https:\/\/dev.argenterie-dantan.com\/#\/schema\/logo\/image\/","url":"https:\/\/dev.argenterie-dantan.com\/wp-content\/uploads\/2017\/04\/LOGOS-MODIFICATION.jpg","contentUrl":"https:\/\/dev.argenterie-dantan.com\/wp-content\/uploads\/2017\/04\/LOGOS-MODIFICATION.jpg","width":476,"height":292,"caption":"Argenterie d'Antan"},"image":{"@id":"https:\/\/dev.argenterie-dantan.com\/#\/schema\/logo\/image\/"},"sameAs":["https:\/\/fr-fr.facebook.com\/Argenterie-dAntan-204969186193734\/","https:\/\/twitter.com\/ArgenterieD"]}]}},"_links":{"self":[{"href":"https:\/\/dev.argenterie-dantan.com\/es\/wp-json\/wp\/v2\/pages\/282"}],"collection":[{"href":"https:\/\/dev.argenterie-dantan.com\/es\/wp-json\/wp\/v2\/pages"}],"about":[{"href":"https:\/\/dev.argenterie-dantan.com\/es\/wp-json\/wp\/v2\/types\/page"}],"author":[{"embeddable":true,"href":"https:\/\/dev.argenterie-dantan.com\/es\/wp-json\/wp\/v2\/users\/1"}],"replies":[{"embeddable":true,"href":"https:\/\/dev.argenterie-dantan.com\/es\/wp-json\/wp\/v2\/comments?post=282"}],"version-history":[{"count":4,"href":"https:\/\/dev.argenterie-dantan.com\/es\/wp-json\/wp\/v2\/pages\/282\/revisions"}],"predecessor-version":[{"id":407,"href":"https:\/\/dev.argenterie-dantan.com\/es\/wp-json\/wp\/v2\/pages\/282\/revisions\/407"}],"wp:featuredmedia":[{"embeddable":true,"href":"https:\/\/dev.argenterie-dantan.com\/es\/wp-json\/wp\/v2\/media\/405"}],"wp:attachment":[{"href":"https:\/\/dev.argenterie-dantan.com\/es\/wp-json\/wp\/v2\/media?parent=282"}],"curies":[{"name":"wp","href":"https:\/\/api.w.org\/{rel}","templated":true}]}}