{"id":73,"date":"2017-04-29T16:45:17","date_gmt":"2017-04-29T14:45:17","guid":{"rendered":"https:\/\/dev.argenterie-dantan.com\/?page_id=73"},"modified":"2023-09-11T10:43:21","modified_gmt":"2023-09-11T08:43:21","slug":"contact","status":"publish","type":"page","link":"https:\/\/dev.argenterie-dantan.com\/es\/contact\/","title":{"rendered":"Conctato"},"content":{"rendered":"<p>[et_pb_section fb_built=\u00bb1&#8243; admin_label=\u00bbsection\u00bb _builder_version=\u00bb4.16&#8243; global_colors_info=\u00bb{}\u00bb][et_pb_row admin_label=\u00bbrow\u00bb _builder_version=\u00bb4.16&#8243; background_size=\u00bbinitial\u00bb background_position=\u00bbtop_left\u00bb background_repeat=\u00bbrepeat\u00bb global_colors_info=\u00bb{}\u00bb][et_pb_column type=\u00bb4_4&#8243; _builder_version=\u00bb4.16&#8243; custom_padding=\u00bb|||\u00bb global_colors_info=\u00bb{}\u00bb custom_padding__hover=\u00bb|||\u00bb][et_pb_post_title _builder_version=\u00bb4.21.2&#8243; _module_preset=\u00bbdefault\u00bb meta=\u00bboff\u00bb featured_image=\u00bboff\u00bb hover_enabled=\u00bb0&#8243; sticky_enabled=\u00bb0&#8243; custom_margin=\u00bb0px||0px||true|false\u00bb custom_padding=\u00bb0px||0px||true|false\u00bb][\/et_pb_post_title][et_pb_code _builder_version=\u00bb4.21.2&#8243; _module_preset=\u00bbdefault\u00bb hover_enabled=\u00bb0&#8243; sticky_enabled=\u00bb0&#8243;]<\/p>\n<div class=\"colored-line-left\"><\/div>\n<p>[\/et_pb_code][\/et_pb_column][\/et_pb_row][et_pb_row admin_label=\u00bbrow\u00bb _builder_version=\u00bb4.16&#8243; background_size=\u00bbinitial\u00bb background_position=\u00bbtop_left\u00bb background_repeat=\u00bbrepeat\u00bb global_colors_info=\u00bb{}\u00bb column_structure=\u00bb1_3,2_3&#8243;][et_pb_column type=\u00bb1_3&#8243; _builder_version=\u00bb4.16&#8243; custom_padding=\u00bb|||\u00bb global_colors_info=\u00bb{}\u00bb custom_padding__hover=\u00bb|||\u00bb][et_pb_image src=\u00bbhttps:\/\/dev.argenterie-dantan.com\/wp-content\/uploads\/2017\/04\/logo-aa.jpg\u00bb _builder_version=\u00bb4.21.2&#8243; _module_preset=\u00bbdefault\u00bb title_text=\u00bblogo-aa\u00bb hover_enabled=\u00bb0&#8243; sticky_enabled=\u00bb0&#8243;][\/et_pb_image][\/et_pb_column][et_pb_column type=\u00bb2_3&#8243; _builder_version=\u00bb4.16&#8243; custom_padding=\u00bb|||\u00bb global_colors_info=\u00bb{}\u00bb custom_padding__hover=\u00bb|||\u00bb][et_pb_text _builder_version=\u00bb4.21.2&#8243; _module_preset=\u00bbdefault\u00bb hover_enabled=\u00bb0&#8243; sticky_enabled=\u00bb0&#8243;]<\/p>\n<h2 style=\"text-align: center;\">Argenterie d\u2019Antan<br \/>\u2013<br \/>Corinne Javaloy\u00e8s<\/h2>\n<p style=\"text-align: center;\"><span>6 rue de Birague, 75004 Paris<\/span><br \/><span>Tel: +33 1 42 71 31 91<\/span><\/p>\n<p style=\"text-align: center;\"><span>Mail :\u00a0<a href=\"mailto:argenterie-dantan@argenterie-dantan.com\">argenterie-dantan@argenterie-dantan.com<\/a><\/span><\/p>\n<p>[\/et_pb_text][et_pb_code _builder_version=\u00bb4.21.2&#8243; _module_preset=\u00bbdefault\u00bb hover_enabled=\u00bb0&#8243; sticky_enabled=\u00bb0&#8243;]<iframe loading=\"lazy\" style=\"border: 0;\" src=\"https:\/\/www.google.com\/maps\/embed?pb=!1m18!1m12!1m3!1d2625.2112959704323!2d2.3629174156742323!3d48.854181079287024!2m3!1f0!2f0!3f0!3m2!1i1024!2i768!4f13.1!3m3!1m2!1s0x47e671ffbbfc9829%3A0xfb1b9a66164c2eb2!2sArgenterie+d'Antan!5e0!3m2!1sfr!2sfr!4v1493650662799\" width=\"600\" height=\"450\" frameborder=\"0\" allowfullscreen=\"allowfullscreen\"><\/iframe>[\/et_pb_code][et_pb_text _builder_version=\u00bb4.21.2&#8243; _module_preset=\u00bbdefault\u00bb hover_enabled=\u00bb0&#8243; sticky_enabled=\u00bb0&#8243;]<\/p>\n<p style=\"text-align: center;\"><strong>Horaires d\u2019ouverture :<\/strong><br \/><span>Du mardi au samedi de 10h30 \u00e0 13h et de 14h \u00e0 19h<\/span><br \/><span>Et le dimanche de 14h \u00e0 19h00<\/span><\/p>\n<p>[\/et_pb_text][\/et_pb_column][\/et_pb_row][\/et_pb_section]<\/p>\n","protected":false},"excerpt":{"rendered":"<p>Argenterie d\u2019Antan\u2013Corinne Javaloy\u00e8s 6 rue de Birague, 75004 ParisTel: +33 1 42 71 31 91 Mail :\u00a0argenterie-dantan@argenterie-dantan.comHoraires d\u2019ouverture :Du mardi au samedi de 10h30 \u00e0 13h et de 14h \u00e0 19hEt le dimanche de 14h \u00e0 19h00<\/p>\n","protected":false},"author":1,"featured_media":0,"parent":0,"menu_order":0,"comment_status":"closed","ping_status":"closed","template":"","meta":{"_et_pb_use_builder":"on","_et_pb_old_content":"<h2 style=\"text-align: center;\"><img class=\"alignleft size-medium wp-image-267\" src=\"https:\/\/dev.argenterie-dantan.com\/wp-content\/uploads\/2017\/04\/logo-aa-225x300.jpg\" alt=\"\" width=\"225\" height=\"300\" \/> Argenterie d'Antan\r\n-\r\nCorinne Javaloy\u00e8s<\/h2>\r\n<p style=\"text-align: center;\">6 rue de Birague, 75004 Paris\r\nTel: 00 33 1 42 71 31 91\r\nMail : <a href=\"mailto:argenterie-dantan@argenterie-dantan.com\">argenterie-dantan@argenterie-dantan.com\r\n<\/a><\/p>\r\n\r\n<center><iframe style=\"border: 0;\" src=\"https:\/\/www.google.com\/maps\/embed?pb=!1m18!1m12!1m3!1d2625.2112959704323!2d2.3629174156742323!3d48.854181079287024!2m3!1f0!2f0!3f0!3m2!1i1024!2i768!4f13.1!3m3!1m2!1s0x47e671ffbbfc9829%3A0xfb1b9a66164c2eb2!2sArgenterie+d'Antan!5e0!3m2!1sfr!2sfr!4v1493650662799\" width=\"600\" height=\"450\" frameborder=\"0\" allowfullscreen=\"allowfullscreen\"><\/iframe><\/center><center><strong>Horario de apertura :<\/strong>\r\nDe martes a s\u00e1bado de 10:30 am a 1:00 pm y de 2 pm-7 pm\r\nY los domingos de 2 pm - 7 pm<\/center><center>[metaslider id=241]<\/center>","_et_gb_content_width":"","footnotes":""},"yoast_head":"<!-- This site is optimized with the Yoast SEO plugin v21.2 - https:\/\/yoast.com\/wordpress\/plugins\/seo\/ -->\n<title>Conctato - Argenterie d&#039;Antan<\/title>\n<meta name=\"robots\" content=\"index, follow, max-snippet:-1, max-image-preview:large, max-video-preview:-1\" \/>\n<link rel=\"canonical\" href=\"https:\/\/dev.argenterie-dantan.com\/contact\/\" \/>\n<meta property=\"og:locale\" content=\"es_ES\" \/>\n<meta property=\"og:type\" content=\"article\" \/>\n<meta property=\"og:title\" content=\"Conctato - Argenterie d&#039;Antan\" \/>\n<meta property=\"og:description\" content=\"Argenterie d\u2019Antan\u2013Corinne Javaloy\u00e8s 6 rue de Birague, 75004 ParisTel: +33 1 42 71 31 91 Mail :\u00a0argenterie-dantan@argenterie-dantan.comHoraires d\u2019ouverture :Du mardi au samedi de 10h30 \u00e0 13h et de 14h \u00e0 19hEt le dimanche de 14h \u00e0 19h00\" \/>\n<meta property=\"og:url\" content=\"https:\/\/dev.argenterie-dantan.com\/contact\/\" \/>\n<meta property=\"og:site_name\" content=\"Argenterie d&#039;Antan\" \/>\n<meta property=\"article:publisher\" content=\"https:\/\/fr-fr.facebook.com\/Argenterie-dAntan-204969186193734\/\" \/>\n<meta property=\"article:modified_time\" content=\"2023-09-11T08:43:21+00:00\" \/>\n<meta name=\"twitter:card\" content=\"summary_large_image\" \/>\n<meta name=\"twitter:site\" content=\"@ArgenterieD\" \/>\n<meta name=\"twitter:label1\" content=\"Tiempo de lectura\" \/>\n\t<meta name=\"twitter:data1\" content=\"1 minuto\" \/>\n<script type=\"application\/ld+json\" class=\"yoast-schema-graph\">{\"@context\":\"https:\/\/schema.org\",\"@graph\":[{\"@type\":\"WebPage\",\"@id\":\"https:\/\/dev.argenterie-dantan.com\/contact\/\",\"url\":\"https:\/\/dev.argenterie-dantan.com\/contact\/\",\"name\":\"[:fr]Contact[:en]Contact[:es]Conctato[:it]Contatto[:ja]\u304a\u554f\u3044\u5408\u308f\u305b[:] - Argenterie d&#039;Antan\",\"isPartOf\":{\"@id\":\"https:\/\/dev.argenterie-dantan.com\/#website\"},\"datePublished\":\"2017-04-29T14:45:17+00:00\",\"dateModified\":\"2023-09-11T08:43:21+00:00\",\"breadcrumb\":{\"@id\":\"https:\/\/dev.argenterie-dantan.com\/contact\/#breadcrumb\"},\"inLanguage\":\"es\",\"potentialAction\":[{\"@type\":\"ReadAction\",\"target\":[\"https:\/\/dev.argenterie-dantan.com\/contact\/\"]}]},{\"@type\":\"BreadcrumbList\",\"@id\":\"https:\/\/dev.argenterie-dantan.com\/contact\/#breadcrumb\",\"itemListElement\":[{\"@type\":\"ListItem\",\"position\":1,\"name\":\"Accueil\",\"item\":\"https:\/\/dev.argenterie-dantan.com\/\"},{\"@type\":\"ListItem\",\"position\":2,\"name\":\"Contact\"}]},{\"@type\":\"WebSite\",\"@id\":\"https:\/\/dev.argenterie-dantan.com\/#website\",\"url\":\"https:\/\/dev.argenterie-dantan.com\/\",\"name\":\"Argenterie d&#039;Antan\",\"description\":\"Achat et vente d&#039;Argenterie Ancienne et ContemporaineUn site utilisant WordPress\",\"publisher\":{\"@id\":\"https:\/\/dev.argenterie-dantan.com\/#organization\"},\"potentialAction\":[{\"@type\":\"SearchAction\",\"target\":{\"@type\":\"EntryPoint\",\"urlTemplate\":\"https:\/\/dev.argenterie-dantan.com\/?s={search_term_string}\"},\"query-input\":\"required name=search_term_string\"}],\"inLanguage\":\"es\"},{\"@type\":\"Organization\",\"@id\":\"https:\/\/dev.argenterie-dantan.com\/#organization\",\"name\":\"Argenterie d'Antan\",\"url\":\"https:\/\/dev.argenterie-dantan.com\/\",\"logo\":{\"@type\":\"ImageObject\",\"inLanguage\":\"es\",\"@id\":\"https:\/\/dev.argenterie-dantan.com\/#\/schema\/logo\/image\/\",\"url\":\"https:\/\/dev.argenterie-dantan.com\/wp-content\/uploads\/2017\/04\/LOGOS-MODIFICATION.jpg\",\"contentUrl\":\"https:\/\/dev.argenterie-dantan.com\/wp-content\/uploads\/2017\/04\/LOGOS-MODIFICATION.jpg\",\"width\":476,\"height\":292,\"caption\":\"Argenterie d'Antan\"},\"image\":{\"@id\":\"https:\/\/dev.argenterie-dantan.com\/#\/schema\/logo\/image\/\"},\"sameAs\":[\"https:\/\/fr-fr.facebook.com\/Argenterie-dAntan-204969186193734\/\",\"https:\/\/twitter.com\/ArgenterieD\"]}]}<\/script>\n<!-- \/ Yoast SEO plugin. -->","yoast_head_json":{"title":"Conctato - Argenterie d&#039;Antan","robots":{"index":"index","follow":"follow","max-snippet":"max-snippet:-1","max-image-preview":"max-image-preview:large","max-video-preview":"max-video-preview:-1"},"canonical":"https:\/\/dev.argenterie-dantan.com\/contact\/","og_locale":"es_ES","og_type":"article","og_title":"Conctato - Argenterie d&#039;Antan","og_description":"Argenterie d\u2019Antan\u2013Corinne Javaloy\u00e8s 6 rue de Birague, 75004 ParisTel: +33 1 42 71 31 91 Mail :\u00a0argenterie-dantan@argenterie-dantan.comHoraires d\u2019ouverture :Du mardi au samedi de 10h30 \u00e0 13h et de 14h \u00e0 19hEt le dimanche de 14h \u00e0 19h00","og_url":"https:\/\/dev.argenterie-dantan.com\/contact\/","og_site_name":"Argenterie d&#039;Antan","article_publisher":"https:\/\/fr-fr.facebook.com\/Argenterie-dAntan-204969186193734\/","article_modified_time":"2023-09-11T08:43:21+00:00","twitter_card":"summary_large_image","twitter_site":"@ArgenterieD","twitter_misc":{"Tiempo de lectura":"1 minuto"},"schema":{"@context":"https:\/\/schema.org","@graph":[{"@type":"WebPage","@id":"https:\/\/dev.argenterie-dantan.com\/contact\/","url":"https:\/\/dev.argenterie-dantan.com\/contact\/","name":"[:fr]Contact[:en]Contact[:es]Conctato[:it]Contatto[:ja]\u304a\u554f\u3044\u5408\u308f\u305b[:] - Argenterie d&#039;Antan","isPartOf":{"@id":"https:\/\/dev.argenterie-dantan.com\/#website"},"datePublished":"2017-04-29T14:45:17+00:00","dateModified":"2023-09-11T08:43:21+00:00","breadcrumb":{"@id":"https:\/\/dev.argenterie-dantan.com\/contact\/#breadcrumb"},"inLanguage":"es","potentialAction":[{"@type":"ReadAction","target":["https:\/\/dev.argenterie-dantan.com\/contact\/"]}]},{"@type":"BreadcrumbList","@id":"https:\/\/dev.argenterie-dantan.com\/contact\/#breadcrumb","itemListElement":[{"@type":"ListItem","position":1,"name":"Accueil","item":"https:\/\/dev.argenterie-dantan.com\/"},{"@type":"ListItem","position":2,"name":"Contact"}]},{"@type":"WebSite","@id":"https:\/\/dev.argenterie-dantan.com\/#website","url":"https:\/\/dev.argenterie-dantan.com\/","name":"Argenterie d&#039;Antan","description":"Achat et vente d&#039;Argenterie Ancienne et ContemporaineUn site utilisant WordPress","publisher":{"@id":"https:\/\/dev.argenterie-dantan.com\/#organization"},"potentialAction":[{"@type":"SearchAction","target":{"@type":"EntryPoint","urlTemplate":"https:\/\/dev.argenterie-dantan.com\/?s={search_term_string}"},"query-input":"required name=search_term_string"}],"inLanguage":"es"},{"@type":"Organization","@id":"https:\/\/dev.argenterie-dantan.com\/#organization","name":"Argenterie d'Antan","url":"https:\/\/dev.argenterie-dantan.com\/","logo":{"@type":"ImageObject","inLanguage":"es","@id":"https:\/\/dev.argenterie-dantan.com\/#\/schema\/logo\/image\/","url":"https:\/\/dev.argenterie-dantan.com\/wp-content\/uploads\/2017\/04\/LOGOS-MODIFICATION.jpg","contentUrl":"https:\/\/dev.argenterie-dantan.com\/wp-content\/uploads\/2017\/04\/LOGOS-MODIFICATION.jpg","width":476,"height":292,"caption":"Argenterie d'Antan"},"image":{"@id":"https:\/\/dev.argenterie-dantan.com\/#\/schema\/logo\/image\/"},"sameAs":["https:\/\/fr-fr.facebook.com\/Argenterie-dAntan-204969186193734\/","https:\/\/twitter.com\/ArgenterieD"]}]}},"_links":{"self":[{"href":"https:\/\/dev.argenterie-dantan.com\/es\/wp-json\/wp\/v2\/pages\/73"}],"collection":[{"href":"https:\/\/dev.argenterie-dantan.com\/es\/wp-json\/wp\/v2\/pages"}],"about":[{"href":"https:\/\/dev.argenterie-dantan.com\/es\/wp-json\/wp\/v2\/types\/page"}],"author":[{"embeddable":true,"href":"https:\/\/dev.argenterie-dantan.com\/es\/wp-json\/wp\/v2\/users\/1"}],"replies":[{"embeddable":true,"href":"https:\/\/dev.argenterie-dantan.com\/es\/wp-json\/wp\/v2\/comments?post=73"}],"version-history":[{"count":20,"href":"https:\/\/dev.argenterie-dantan.com\/es\/wp-json\/wp\/v2\/pages\/73\/revisions"}],"predecessor-version":[{"id":4619,"href":"https:\/\/dev.argenterie-dantan.com\/es\/wp-json\/wp\/v2\/pages\/73\/revisions\/4619"}],"wp:attachment":[{"href":"https:\/\/dev.argenterie-dantan.com\/es\/wp-json\/wp\/v2\/media?parent=73"}],"curies":[{"name":"wp","href":"https:\/\/api.w.org\/{rel}","templated":true}]}}