{"id":99,"date":"2017-05-01T15:55:34","date_gmt":"2017-05-01T13:55:34","guid":{"rendered":"https:\/\/dev.argenterie-dantan.com\/?page_id=99"},"modified":"2023-10-13T14:28:29","modified_gmt":"2023-10-13T12:28:29","slug":"nos-couverts","status":"publish","type":"page","link":"https:\/\/dev.argenterie-dantan.com\/it\/nos-couverts\/","title":{"rendered":"Posate"},"content":{"rendered":"<p>[et_pb_section fb_built=&#8221;1&#8243; _builder_version=&#8221;4.16&#8243; global_colors_info=&#8221;{}&#8221;][et_pb_row _builder_version=&#8221;4.16&#8243; background_size=&#8221;initial&#8221; background_position=&#8221;top_left&#8221; background_repeat=&#8221;repeat&#8221; global_colors_info=&#8221;{}&#8221;][et_pb_column type=&#8221;4_4&#8243; _builder_version=&#8221;4.16&#8243; custom_padding=&#8221;|||&#8221; global_colors_info=&#8221;{}&#8221; custom_padding__hover=&#8221;|||&#8221;][et_pb_post_title meta=&#8221;off&#8221; featured_image=&#8221;off&#8221; _builder_version=&#8221;4.21.2&#8243; _module_preset=&#8221;default&#8221; title_font=&#8221;|||on|||||&#8221; custom_margin=&#8221;0px||0px||true|false&#8221; custom_padding=&#8221;0px||0px||true|false&#8221; global_colors_info=&#8221;{}&#8221;][\/et_pb_post_title][et_pb_code _builder_version=&#8221;4.21.2&#8243; _module_preset=&#8221;default&#8221; global_colors_info=&#8221;{}&#8221;]<\/p>\n<div class=\"colored-line-left\"><\/div>\n<p>[\/et_pb_code][et_pb_text _builder_version=&#8221;4.16&#8243; background_size=&#8221;initial&#8221; background_position=&#8221;top_left&#8221; background_repeat=&#8221;repeat&#8221; global_colors_info=&#8221;{}&#8221;]<\/p>\n<h2>M\u00e9nag\u00e8res<\/h2>\n<p><a href=\"https:\/\/dev.argenterie-dantan.com\/wp-content\/uploads\/2017\/05\/Menagere-1024x536.jpg\"><img decoding=\"async\" loading=\"lazy\" class=\"size-medium wp-image-107 alignleft\" src=\"https:\/\/dev.argenterie-dantan.com\/wp-content\/uploads\/2017\/05\/Menagere-1024x536-300x157.jpg\" alt=\"\" width=\"300\" height=\"157\" srcset=\"https:\/\/dev.argenterie-dantan.com\/wp-content\/uploads\/2017\/05\/Menagere-1024x536-300x157.jpg 300w, https:\/\/dev.argenterie-dantan.com\/wp-content\/uploads\/2017\/05\/Menagere-1024x536-600x314.jpg 600w, https:\/\/dev.argenterie-dantan.com\/wp-content\/uploads\/2017\/05\/Menagere-1024x536-768x402.jpg 768w, https:\/\/dev.argenterie-dantan.com\/wp-content\/uploads\/2017\/05\/Menagere-1024x536.jpg 1024w\" sizes=\"(max-width: 300px) 100vw, 300px\" \/><\/a>Argenterie d&#8217;Antan vous propose des m\u00e9nag\u00e8res compl\u00e8tes avec la possibilit\u00e9 de r\u00e9assortir ou de cr\u00e9er votre propre m\u00e9nag\u00e8re en m\u00e9langeant les styles \u00e0 votre gr\u00e9. Offrant un large choix de couverts du XVIII\u00e8me si\u00e8cle \u00e0 nos jours, Argenterie d\u2019Antan vous guide et vous apporte ses conseils pour marier les styles.<\/p>\n<h2>S\u00e9ries de couverts<\/h2>\n<p><a href=\"https:\/\/dev.argenterie-dantan.com\/wp-content\/uploads\/2017\/05\/ARG_LISTER1-800x375.jpg\"><img decoding=\"async\" loading=\"lazy\" class=\"size-medium wp-image-109 alignright\" src=\"https:\/\/dev.argenterie-dantan.com\/wp-content\/uploads\/2017\/05\/ARG_LISTER1-800x375-300x141.jpg\" alt=\"\" width=\"300\" height=\"141\" srcset=\"https:\/\/dev.argenterie-dantan.com\/wp-content\/uploads\/2017\/05\/ARG_LISTER1-800x375-300x141.jpg 300w, https:\/\/dev.argenterie-dantan.com\/wp-content\/uploads\/2017\/05\/ARG_LISTER1-800x375-600x281.jpg 600w, https:\/\/dev.argenterie-dantan.com\/wp-content\/uploads\/2017\/05\/ARG_LISTER1-800x375-768x360.jpg 768w, https:\/\/dev.argenterie-dantan.com\/wp-content\/uploads\/2017\/05\/ARG_LISTER1-800x375-730x340.jpg 730w, https:\/\/dev.argenterie-dantan.com\/wp-content\/uploads\/2017\/05\/ARG_LISTER1-800x375-500x233.jpg 500w, https:\/\/dev.argenterie-dantan.com\/wp-content\/uploads\/2017\/05\/ARG_LISTER1-800x375.jpg 800w\" sizes=\"(max-width: 300px) 100vw, 300px\" \/><\/a>Pour compl\u00e9ter une m\u00e9nag\u00e8re d\u00e9j\u00e0 existante ou tout simplement se faire plaisir au quotidien, Argenterie d\u2019Antan vous propose des s\u00e9ries de 6 \u00e0 12 pi\u00e8ces : couverts de table, couteaux de table, couteaux \u00e0 dessert, couverts \u00e0 poisson, couverts \u00e0 dessert, cuill\u00e8res \u00e0 caf\u00e9, cuill\u00e8res \u00e0 moka, fourchettes \u00e0 hu\u00eetre, fourchettes \u00e0 escargot, cuill\u00e8res \u00e0 sauce individuelles, cuill\u00e8res \u00e0 glace, piques \u00e0 homard, fourchettes \u00e0 g\u00e2teau\u2026<\/p>\n<h2>Les couverts d\u00e9pareill\u00e9s<\/h2>\n<p><a href=\"https:\/\/dev.argenterie-dantan.com\/wp-content\/uploads\/2017\/05\/Cliquez-pour-agrandir-la-photo-816x375.jpg\"><img decoding=\"async\" loading=\"lazy\" class=\"alignleft size-medium wp-image-110\" src=\"https:\/\/dev.argenterie-dantan.com\/wp-content\/uploads\/2017\/05\/Cliquez-pour-agrandir-la-photo-816x375-300x138.jpg\" alt=\"\" width=\"300\" height=\"138\" srcset=\"https:\/\/dev.argenterie-dantan.com\/wp-content\/uploads\/2017\/05\/Cliquez-pour-agrandir-la-photo-816x375-300x138.jpg 300w, https:\/\/dev.argenterie-dantan.com\/wp-content\/uploads\/2017\/05\/Cliquez-pour-agrandir-la-photo-816x375-600x276.jpg 600w, https:\/\/dev.argenterie-dantan.com\/wp-content\/uploads\/2017\/05\/Cliquez-pour-agrandir-la-photo-816x375-768x353.jpg 768w, https:\/\/dev.argenterie-dantan.com\/wp-content\/uploads\/2017\/05\/Cliquez-pour-agrandir-la-photo-816x375.jpg 816w\" sizes=\"(max-width: 300px) 100vw, 300px\" \/><\/a>Nous assistons, aujourd\u2019hui, \u00e0 un r\u00e9el engouement pour le m\u00e9lange des styles apportant de jolies couleurs sur la table. Cette tendance, bien int\u00e9gr\u00e9e dans les m\u0153urs d\u2019aujourd\u2019hui , est n\u00e9e gr\u00e2ce aux h\u00e9ritages dont les partages ont amen\u00e9 et am\u00e8nent, toujours, les h\u00e9ritiers \u00e0 avoir des m\u00e9nag\u00e8res incompl\u00e8tes et dont les mod\u00e8les sont difficiles \u00e0 r\u00e9assortir car n\u2019existant plus dans le neuf . On recherche alors l\u2019harmonie des genres ou avec de la patience et un peu de chance, les puristes peuvent aussi retrouver leur mod\u00e8le \u00e0 l\u2019identique.<\/p>\n<h2><\/h2>\n<h2>Pi\u00e8ces de service<\/h2>\n<p><a href=\"https:\/\/dev.argenterie-dantan.com\/wp-content\/uploads\/2017\/05\/ARG_LOUCHE12R-1024x682.jpg\"><img decoding=\"async\" loading=\"lazy\" class=\"size-medium wp-image-111 alignright\" src=\"https:\/\/dev.argenterie-dantan.com\/wp-content\/uploads\/2017\/05\/ARG_LOUCHE12R-1024x682-300x200.jpg\" alt=\"\" width=\"300\" height=\"200\" srcset=\"https:\/\/dev.argenterie-dantan.com\/wp-content\/uploads\/2017\/05\/ARG_LOUCHE12R-1024x682-300x200.jpg 300w, https:\/\/dev.argenterie-dantan.com\/wp-content\/uploads\/2017\/05\/ARG_LOUCHE12R-1024x682-600x400.jpg 600w, https:\/\/dev.argenterie-dantan.com\/wp-content\/uploads\/2017\/05\/ARG_LOUCHE12R-1024x682-768x512.jpg 768w, https:\/\/dev.argenterie-dantan.com\/wp-content\/uploads\/2017\/05\/ARG_LOUCHE12R-1024x682.jpg 1024w\" sizes=\"(max-width: 300px) 100vw, 300px\" \/><\/a>Elles viendront agr\u00e9menter vos mets : couverts \u00e0 hors-d\u2019\u0153uvre, couverts \u00e0 servir, services \u00e0 d\u00e9couper, pinces \u00e0 asperges, cuill\u00e8res \u00e0 sauce, louches, louches \u00e0 cr\u00e8me, couverts \u00e0 salade, couteaux \u00e0 pain, couteaux \u00e0 beurre, couteaux \u00e0 fromage, couverts \u00e0 glace, pelles \u00e0 tarte, cuill\u00e8res \u00e0 confiture, cuill\u00e8res \u00e0 absinthe\u2026<\/p>\n<p>Venez retrouver tous les styles chez Argenterie d\u2019Antan : de Louis XIII \u00e0 nos jours.<\/p>\n<p>L\u2019Univers des styles : Louis XIII, Louis XIV, Louis XV, Louis XVI, Napol\u00e9on III, Art Nouveau, Art D\u00e9co, Contemporain.[\/et_pb_text][\/et_pb_column][\/et_pb_row][\/et_pb_section]<\/p>\n","protected":false},"excerpt":{"rendered":"<p>M\u00e9nag\u00e8res Argenterie d&#8217;Antan vous propose des m\u00e9nag\u00e8res compl\u00e8tes avec la possibilit\u00e9 de r\u00e9assortir ou de cr\u00e9er votre propre m\u00e9nag\u00e8re en m\u00e9langeant les styles \u00e0 votre gr\u00e9. Offrant un large choix de couverts du XVIII\u00e8me si\u00e8cle \u00e0 nos jours, Argenterie d\u2019Antan vous guide et vous apporte ses conseils pour marier les styles. S\u00e9ries de couverts Pour [&hellip;]<\/p>\n","protected":false},"author":1,"featured_media":0,"parent":0,"menu_order":0,"comment_status":"closed","ping_status":"closed","template":"","meta":{"_et_pb_use_builder":"on","_et_pb_old_content":"<h2>M\u00e9nag\u00e8res<\/h2>\n<a href=\"https:\/\/dev.argenterie-dantan.com\/wp-content\/uploads\/2017\/05\/Menagere-1024x536.jpg\"><img class=\"size-medium wp-image-107 alignleft\" src=\"https:\/\/dev.argenterie-dantan.com\/wp-content\/uploads\/2017\/05\/Menagere-1024x536-300x157.jpg\" alt=\"\" width=\"300\" height=\"157\" \/><\/a>Argenterie d'Antan vous propose des m\u00e9nag\u00e8res compl\u00e8tes avec la possibilit\u00e9 de r\u00e9assortir ou de cr\u00e9er votre propre m\u00e9nag\u00e8re en m\u00e9langeant les styles \u00e0 votre gr\u00e9. Offrant un large choix de couverts du XVIII\u00e8me si\u00e8cle \u00e0 nos jours, Argenterie d\u2019Antan vous guide et vous apporte ses conseils pour marier les styles.\n<h2>S\u00e9ries de couverts<\/h2>\n<a href=\"https:\/\/dev.argenterie-dantan.com\/wp-content\/uploads\/2017\/05\/ARG_LISTER1-800x375.jpg\"><img class=\"size-medium wp-image-109 alignright\" src=\"https:\/\/dev.argenterie-dantan.com\/wp-content\/uploads\/2017\/05\/ARG_LISTER1-800x375-300x141.jpg\" alt=\"\" width=\"300\" height=\"141\" \/><\/a>Pour compl\u00e9ter une m\u00e9nag\u00e8re d\u00e9j\u00e0 existante ou tout simplement se faire plaisir au quotidien, Argenterie d\u2019Antan vous propose des s\u00e9ries de 6 \u00e0 12 pi\u00e8ces : couverts de table, couteaux de table, couteaux \u00e0 dessert, couverts \u00e0 poisson, couverts \u00e0 dessert, cuill\u00e8res \u00e0 caf\u00e9, cuill\u00e8res \u00e0 moka, fourchettes \u00e0 hu\u00eetre, fourchettes \u00e0 escargot, cuill\u00e8res \u00e0 sauce individuelles, cuill\u00e8res \u00e0 glace, piques \u00e0 homard, fourchettes \u00e0 g\u00e2teau\u2026\n<h2>Les couverts d\u00e9pareill\u00e9s<\/h2>\n<a href=\"https:\/\/dev.argenterie-dantan.com\/wp-content\/uploads\/2017\/05\/Cliquez-pour-agrandir-la-photo-816x375.jpg\"><img class=\"alignleft size-medium wp-image-110\" src=\"https:\/\/dev.argenterie-dantan.com\/wp-content\/uploads\/2017\/05\/Cliquez-pour-agrandir-la-photo-816x375-300x138.jpg\" alt=\"\" width=\"300\" height=\"138\" \/><\/a>Nous assistons, aujourd\u2019hui, \u00e0 un r\u00e9el engouement pour le m\u00e9lange des styles apportant de jolies couleurs sur la table. Cette tendance, bien int\u00e9gr\u00e9e dans les m\u0153urs d\u2019aujourd\u2019hui , est n\u00e9e gr\u00e2ce aux h\u00e9ritages dont les partages ont amen\u00e9 et am\u00e8nent, toujours, les h\u00e9ritiers \u00e0 avoir des m\u00e9nag\u00e8res incompl\u00e8tes et dont les mod\u00e8les sont difficiles \u00e0 r\u00e9assortir car n\u2019existant plus dans le neuf . On recherche alors l\u2019harmonie des genres ou avec de la patience et un peu de chance, les puristes peuvent aussi retrouver leur mod\u00e8le \u00e0 l\u2019identique.\n<h2><\/h2>\n<h2>Pi\u00e8ces de service<\/h2>\n<a href=\"https:\/\/dev.argenterie-dantan.com\/wp-content\/uploads\/2017\/05\/ARG_LOUCHE12R-1024x682.jpg\"><img class=\"size-medium wp-image-111 alignright\" src=\"https:\/\/dev.argenterie-dantan.com\/wp-content\/uploads\/2017\/05\/ARG_LOUCHE12R-1024x682-300x200.jpg\" alt=\"\" width=\"300\" height=\"200\" \/><\/a>Elles viendront agr\u00e9menter vos mets : couverts \u00e0 hors-d\u2019\u0153uvre, couverts \u00e0 servir, services \u00e0 d\u00e9couper, pinces \u00e0 asperges, cuill\u00e8res \u00e0 sauce, louches, louches \u00e0 cr\u00e8me, couverts \u00e0 salade, couteaux \u00e0 pain, couteaux \u00e0 beurre, couteaux \u00e0 fromage, couverts \u00e0 glace, pelles \u00e0 tarte, cuill\u00e8res \u00e0 confiture, cuill\u00e8res \u00e0 absinthe\u2026\n\nVenez retrouver tous les styles chez Argenterie d\u2019Antan : de Louis XIII \u00e0 nos jours.\n\nL\u2019Univers des styles : Louis XIII, Louis XIV, Louis XV, Louis XVI, Napol\u00e9on III, Art Nouveau, Art D\u00e9co, Contemporain.","_et_gb_content_width":"1080","footnotes":""},"yoast_head":"<!-- This site is optimized with the Yoast SEO plugin v21.2 - https:\/\/yoast.com\/wordpress\/plugins\/seo\/ -->\n<title>Posate - Argenterie d&#039;Antan<\/title>\n<meta name=\"robots\" content=\"index, follow, max-snippet:-1, max-image-preview:large, max-video-preview:-1\" \/>\n<link rel=\"canonical\" href=\"https:\/\/dev.argenterie-dantan.com\/nos-couverts\/\" \/>\n<meta property=\"og:locale\" content=\"it_IT\" \/>\n<meta property=\"og:type\" content=\"article\" \/>\n<meta property=\"og:title\" content=\"Posate - Argenterie d&#039;Antan\" \/>\n<meta property=\"og:description\" content=\"M\u00e9nag\u00e8res Argenterie d&#039;Antan vous propose des m\u00e9nag\u00e8res compl\u00e8tes avec la possibilit\u00e9 de r\u00e9assortir ou de cr\u00e9er votre propre m\u00e9nag\u00e8re en m\u00e9langeant les styles \u00e0 votre gr\u00e9. Offrant un large choix de couverts du XVIII\u00e8me si\u00e8cle \u00e0 nos jours, Argenterie d\u2019Antan vous guide et vous apporte ses conseils pour marier les styles. S\u00e9ries de couverts Pour [&hellip;]\" \/>\n<meta property=\"og:url\" content=\"https:\/\/dev.argenterie-dantan.com\/nos-couverts\/\" \/>\n<meta property=\"og:site_name\" content=\"Argenterie d&#039;Antan\" \/>\n<meta property=\"article:publisher\" content=\"https:\/\/fr-fr.facebook.com\/Argenterie-dAntan-204969186193734\/\" \/>\n<meta property=\"article:modified_time\" content=\"2023-10-13T12:28:29+00:00\" \/>\n<meta property=\"og:image\" content=\"https:\/\/dev.argenterie-dantan.com\/wp-content\/uploads\/2017\/05\/Menagere-1024x536-300x157.jpg\" \/>\n<meta name=\"twitter:card\" content=\"summary_large_image\" \/>\n<meta name=\"twitter:site\" content=\"@ArgenterieD\" \/>\n<meta name=\"twitter:label1\" content=\"Tempo di lettura stimato\" \/>\n\t<meta name=\"twitter:data1\" content=\"3 minuti\" \/>\n<script type=\"application\/ld+json\" class=\"yoast-schema-graph\">{\"@context\":\"https:\/\/schema.org\",\"@graph\":[{\"@type\":\"WebPage\",\"@id\":\"https:\/\/dev.argenterie-dantan.com\/nos-couverts\/\",\"url\":\"https:\/\/dev.argenterie-dantan.com\/nos-couverts\/\",\"name\":\"[:fr]Nos Couverts[:en]Flatware set[:es]NUESTROS CUBIERTOS[:it]Posate[:ja]\u5404\u7a2e\u30ab\u30c8\u30e9\u30ea\u30fc[:] - Argenterie d&#039;Antan\",\"isPartOf\":{\"@id\":\"https:\/\/dev.argenterie-dantan.com\/#website\"},\"datePublished\":\"2017-05-01T13:55:34+00:00\",\"dateModified\":\"2023-10-13T12:28:29+00:00\",\"breadcrumb\":{\"@id\":\"https:\/\/dev.argenterie-dantan.com\/nos-couverts\/#breadcrumb\"},\"inLanguage\":\"it-IT\",\"potentialAction\":[{\"@type\":\"ReadAction\",\"target\":[\"https:\/\/dev.argenterie-dantan.com\/nos-couverts\/\"]}]},{\"@type\":\"BreadcrumbList\",\"@id\":\"https:\/\/dev.argenterie-dantan.com\/nos-couverts\/#breadcrumb\",\"itemListElement\":[{\"@type\":\"ListItem\",\"position\":1,\"name\":\"Accueil\",\"item\":\"https:\/\/dev.argenterie-dantan.com\/\"},{\"@type\":\"ListItem\",\"position\":2,\"name\":\"Nos Couverts\"}]},{\"@type\":\"WebSite\",\"@id\":\"https:\/\/dev.argenterie-dantan.com\/#website\",\"url\":\"https:\/\/dev.argenterie-dantan.com\/\",\"name\":\"Argenterie d&#039;Antan\",\"description\":\"Achat et vente d&#039;Argenterie Ancienne et Contemporaine\",\"publisher\":{\"@id\":\"https:\/\/dev.argenterie-dantan.com\/#organization\"},\"potentialAction\":[{\"@type\":\"SearchAction\",\"target\":{\"@type\":\"EntryPoint\",\"urlTemplate\":\"https:\/\/dev.argenterie-dantan.com\/?s={search_term_string}\"},\"query-input\":\"required name=search_term_string\"}],\"inLanguage\":\"it-IT\"},{\"@type\":\"Organization\",\"@id\":\"https:\/\/dev.argenterie-dantan.com\/#organization\",\"name\":\"Argenterie d'Antan\",\"url\":\"https:\/\/dev.argenterie-dantan.com\/\",\"logo\":{\"@type\":\"ImageObject\",\"inLanguage\":\"it-IT\",\"@id\":\"https:\/\/dev.argenterie-dantan.com\/#\/schema\/logo\/image\/\",\"url\":\"https:\/\/dev.argenterie-dantan.com\/wp-content\/uploads\/2017\/04\/LOGOS-MODIFICATION.jpg\",\"contentUrl\":\"https:\/\/dev.argenterie-dantan.com\/wp-content\/uploads\/2017\/04\/LOGOS-MODIFICATION.jpg\",\"width\":476,\"height\":292,\"caption\":\"Argenterie d'Antan\"},\"image\":{\"@id\":\"https:\/\/dev.argenterie-dantan.com\/#\/schema\/logo\/image\/\"},\"sameAs\":[\"https:\/\/fr-fr.facebook.com\/Argenterie-dAntan-204969186193734\/\",\"https:\/\/twitter.com\/ArgenterieD\"]}]}<\/script>\n<!-- \/ Yoast SEO plugin. -->","yoast_head_json":{"title":"Posate - Argenterie d&#039;Antan","robots":{"index":"index","follow":"follow","max-snippet":"max-snippet:-1","max-image-preview":"max-image-preview:large","max-video-preview":"max-video-preview:-1"},"canonical":"https:\/\/dev.argenterie-dantan.com\/nos-couverts\/","og_locale":"it_IT","og_type":"article","og_title":"Posate - Argenterie d&#039;Antan","og_description":"M\u00e9nag\u00e8res Argenterie d'Antan vous propose des m\u00e9nag\u00e8res compl\u00e8tes avec la possibilit\u00e9 de r\u00e9assortir ou de cr\u00e9er votre propre m\u00e9nag\u00e8re en m\u00e9langeant les styles \u00e0 votre gr\u00e9. Offrant un large choix de couverts du XVIII\u00e8me si\u00e8cle \u00e0 nos jours, Argenterie d\u2019Antan vous guide et vous apporte ses conseils pour marier les styles. S\u00e9ries de couverts Pour [&hellip;]","og_url":"https:\/\/dev.argenterie-dantan.com\/nos-couverts\/","og_site_name":"Argenterie d&#039;Antan","article_publisher":"https:\/\/fr-fr.facebook.com\/Argenterie-dAntan-204969186193734\/","article_modified_time":"2023-10-13T12:28:29+00:00","og_image":[{"url":"https:\/\/dev.argenterie-dantan.com\/wp-content\/uploads\/2017\/05\/Menagere-1024x536-300x157.jpg"}],"twitter_card":"summary_large_image","twitter_site":"@ArgenterieD","twitter_misc":{"Tempo di lettura stimato":"3 minuti"},"schema":{"@context":"https:\/\/schema.org","@graph":[{"@type":"WebPage","@id":"https:\/\/dev.argenterie-dantan.com\/nos-couverts\/","url":"https:\/\/dev.argenterie-dantan.com\/nos-couverts\/","name":"[:fr]Nos Couverts[:en]Flatware set[:es]NUESTROS CUBIERTOS[:it]Posate[:ja]\u5404\u7a2e\u30ab\u30c8\u30e9\u30ea\u30fc[:] - Argenterie d&#039;Antan","isPartOf":{"@id":"https:\/\/dev.argenterie-dantan.com\/#website"},"datePublished":"2017-05-01T13:55:34+00:00","dateModified":"2023-10-13T12:28:29+00:00","breadcrumb":{"@id":"https:\/\/dev.argenterie-dantan.com\/nos-couverts\/#breadcrumb"},"inLanguage":"it-IT","potentialAction":[{"@type":"ReadAction","target":["https:\/\/dev.argenterie-dantan.com\/nos-couverts\/"]}]},{"@type":"BreadcrumbList","@id":"https:\/\/dev.argenterie-dantan.com\/nos-couverts\/#breadcrumb","itemListElement":[{"@type":"ListItem","position":1,"name":"Accueil","item":"https:\/\/dev.argenterie-dantan.com\/"},{"@type":"ListItem","position":2,"name":"Nos Couverts"}]},{"@type":"WebSite","@id":"https:\/\/dev.argenterie-dantan.com\/#website","url":"https:\/\/dev.argenterie-dantan.com\/","name":"Argenterie d&#039;Antan","description":"Achat et vente d&#039;Argenterie Ancienne et Contemporaine","publisher":{"@id":"https:\/\/dev.argenterie-dantan.com\/#organization"},"potentialAction":[{"@type":"SearchAction","target":{"@type":"EntryPoint","urlTemplate":"https:\/\/dev.argenterie-dantan.com\/?s={search_term_string}"},"query-input":"required name=search_term_string"}],"inLanguage":"it-IT"},{"@type":"Organization","@id":"https:\/\/dev.argenterie-dantan.com\/#organization","name":"Argenterie d'Antan","url":"https:\/\/dev.argenterie-dantan.com\/","logo":{"@type":"ImageObject","inLanguage":"it-IT","@id":"https:\/\/dev.argenterie-dantan.com\/#\/schema\/logo\/image\/","url":"https:\/\/dev.argenterie-dantan.com\/wp-content\/uploads\/2017\/04\/LOGOS-MODIFICATION.jpg","contentUrl":"https:\/\/dev.argenterie-dantan.com\/wp-content\/uploads\/2017\/04\/LOGOS-MODIFICATION.jpg","width":476,"height":292,"caption":"Argenterie d'Antan"},"image":{"@id":"https:\/\/dev.argenterie-dantan.com\/#\/schema\/logo\/image\/"},"sameAs":["https:\/\/fr-fr.facebook.com\/Argenterie-dAntan-204969186193734\/","https:\/\/twitter.com\/ArgenterieD"]}]}},"_links":{"self":[{"href":"https:\/\/dev.argenterie-dantan.com\/it\/wp-json\/wp\/v2\/pages\/99"}],"collection":[{"href":"https:\/\/dev.argenterie-dantan.com\/it\/wp-json\/wp\/v2\/pages"}],"about":[{"href":"https:\/\/dev.argenterie-dantan.com\/it\/wp-json\/wp\/v2\/types\/page"}],"author":[{"embeddable":true,"href":"https:\/\/dev.argenterie-dantan.com\/it\/wp-json\/wp\/v2\/users\/1"}],"replies":[{"embeddable":true,"href":"https:\/\/dev.argenterie-dantan.com\/it\/wp-json\/wp\/v2\/comments?post=99"}],"version-history":[{"count":20,"href":"https:\/\/dev.argenterie-dantan.com\/it\/wp-json\/wp\/v2\/pages\/99\/revisions"}],"predecessor-version":[{"id":4620,"href":"https:\/\/dev.argenterie-dantan.com\/it\/wp-json\/wp\/v2\/pages\/99\/revisions\/4620"}],"wp:attachment":[{"href":"https:\/\/dev.argenterie-dantan.com\/it\/wp-json\/wp\/v2\/media?parent=99"}],"curies":[{"name":"wp","href":"https:\/\/api.w.org\/{rel}","templated":true}]}}